{"id":1164,"date":"2026-01-25T19:37:00","date_gmt":"2026-01-26T00:37:00","guid":{"rendered":"https:\/\/patriciaainzuain.com\/?page_id=1164"},"modified":"2026-01-28T12:25:38","modified_gmt":"2026-01-28T17:25:38","slug":"programar-una-cita","status":"publish","type":"page","link":"https:\/\/patriciaainzuain.com\/en\/programar-una-cita\/","title":{"rendered":"Schedule an Appointment"},"content":{"rendered":"<p>[et_pb_section fb_built=\u00bb1&#8243; admin_label=\u00bbHero\u00bb _builder_version=\u00bb4.17.6&#8243; _module_preset=\u00bbdefault\u00bb custom_padding=\u00bb1px||6px|||\u00bb locked=\u00bboff\u00bb collapsed=\u00bbon\u00bb global_colors_info=\u00bb{}\u00bb][et_pb_row column_structure=\u00bb1_2,1_2&#8243; _builder_version=\u00bb4.17.6&#8243; _module_preset=\u00bb5138c454-be54-4233-bd3b-f8e6a8747976&#8243; global_colors_info=\u00bb{}\u00bb][et_pb_column type=\u00bb1_2&#8243; _builder_version=\u00bb4.17.6&#8243; _module_preset=\u00bb73121f80-a3ef-4484-8763-c3f18e3c56d2&#8243; global_colors_info=\u00bb{}\u00bb][et_pb_heading title=\u00bb<br \/>\nProgramar cita\u00bb _builder_version=\u00bb4.27.5&#8243; _module_preset=\u00bbddeb8c09-9078-4424-bc15-2efb6572e28e\u00bb title_font=\u00bb&#8211;et_global_heading_font|700|||||||\u00bb title_text_align=\u00bbcenter\u00bb title_text_color=\u00bb#163365&#8243; title_font_size=\u00bb60px\u00bb title_line_height=\u00bb1.15em\u00bb custom_margin=\u00bb||2px|||\u00bb custom_padding=\u00bb||23px|||\u00bb title_font_size_tablet=\u00bb50px\u00bb title_font_size_phone=\u00bb60px\u00bb title_font_size_last_edited=\u00bbon|phone\u00bb locked=\u00bboff\u00bb global_colors_info=\u00bb{}\u00bb][\/et_pb_heading][et_pb_text _builder_version=\u00bb4.27.5&#8243; _module_preset=\u00bbdefault\u00bb global_colors_info=\u00bb{}\u00bb]<\/p>\n<h3 data-start=\"466\" data-end=\"658\" style=\"text-align: left;\"><strong>IMPORTANT:<\/strong><\/h3>\n<p data-start=\"466\" data-end=\"658\" style=\"text-align: left;\"><strong>To provide you with better service and make the most of your appointment time, we kindly ask that you include the following information when scheduling.<\/strong><\/p>\n<ul data-start=\"660\" data-end=\"1052\">\n<li data-start=\"660\" data-end=\"728\">\n<p data-start=\"662\" data-end=\"728\"><strong>\u2714\ufe0f Do you file your taxes as single or married?<\/strong><\/p>\n<\/li>\n<li data-start=\"729\" data-end=\"863\">\n<p data-start=\"731\" data-end=\"774\"><strong>\u2714\ufe0f If you file as married, please let us know:<\/strong><\/p>\n<ul data-start=\"777\" data-end=\"863\">\n<li data-start=\"777\" data-end=\"803\">\n<p data-start=\"779\" data-end=\"803\"><strong>Full legal names of both individuals<\/strong><\/p>\n<\/li>\n<li data-start=\"806\" data-end=\"826\">\n<p data-start=\"808\" data-end=\"826\"><strong>Email address<\/strong><\/p>\n<\/li>\n<li data-start=\"829\" data-end=\"863\">\n<p data-start=\"831\" data-end=\"863\"><strong>Contact phone number<\/strong><\/p>\n<\/li>\n<\/ul>\n<\/li>\n<li data-start=\"864\" data-end=\"927\">\n<p data-start=\"866\" data-end=\"886\"><strong>\u2714\ufe0f Type of income:<\/strong><\/p>\n<ul data-start=\"889\" data-end=\"927\">\n<li data-start=\"889\" data-end=\"898\">\n<p data-start=\"891\" data-end=\"898\"><strong>W-2<\/strong><\/p>\n<\/li>\n<li data-start=\"901\" data-end=\"927\">\n<p data-start=\"903\" data-end=\"927\"><strong>1099 \/ self-employed<\/strong><\/p>\n<\/li>\n<\/ul>\n<\/li>\n<li data-start=\"928\" data-end=\"968\">\n<p data-start=\"930\" data-end=\"968\"><strong>\u2714\ufe0f Do you own rental properties?<\/strong><\/p>\n<\/li>\n<li data-start=\"969\" data-end=\"1005\">\n<p data-start=\"971\" data-end=\"1005\"><strong>\u2714\ufe0f Do you have any investments?<\/strong><\/p>\n<\/li>\n<li data-start=\"1006\" data-end=\"1052\">\n<p data-start=\"1008\" data-end=\"1052\"><strong>\u2714\ufe0f How many dependent children are you claiming?<\/strong><\/p>\n<\/li>\n<\/ul>\n<p data-start=\"1054\" data-end=\"1177\"><strong>This information will allow us to better prepare for your consultation and provide you with more accurate guidance from the very first call<\/strong><\/p>\n<p data-start=\"1179\" data-end=\"1261\"><strong>If you prefer, you may also call us directly, and we will be happy to assist you.<\/strong><\/p>\n<p>[\/et_pb_text][et_pb_button button_url=\u00bbtel:+1860-978-7135&#8243; button_text=\u00bbLlamar al (860) 978 7135&#8243; button_alignment=\u00bbcenter\u00bb _builder_version=\u00bb4.27.5&#8243; _module_preset=\u00bb1bffc0fc-42a0-49d1-bd9a-ae3ade2d7206&#8243; custom_button=\u00bbon\u00bb button_text_size=\u00bb16px\u00bb button_text_color=\u00bb#FFFFFF\u00bb button_bg_color=\u00bb#163365&#8243; button_border_width=\u00bb0px\u00bb button_border_radius=\u00bb100px\u00bb button_font=\u00bb&#8211;et_global_heading_font|700|||||||\u00bb custom_padding=\u00bb12px|24px|12px|24px|true|true\u00bb locked=\u00bboff\u00bb global_colors_info=\u00bb{}\u00bb custom_padding__hover_enabled=\u00bboff|desktop\u00bb custom_padding__hover=\u00bb|28px||20px|true|false\u00bb][\/et_pb_button][\/et_pb_column][et_pb_column type=\u00bb1_2&#8243; _builder_version=\u00bb4.17.6&#8243; _module_preset=\u00bb73121f80-a3ef-4484-8763-c3f18e3c56d2&#8243; global_colors_info=\u00bb{}\u00bb][et_pb_code _builder_version=\u00bb4.27.5&#8243; _module_preset=\u00bbdefault\u00bb border_radii=\u00bbon|20px|20px|20px|20px\u00bb box_shadow_style=\u00bbpreset1&#8243; global_colors_info=\u00bb{}\u00bb]<script type=\"text\/javascript\">\n    (function (win, fn) {\n        var done = false, top = true,\n            doc = win.document,\n            root = doc.documentElement,\n            modern = doc.addEventListener,\n            add = modern ? 'addEventListener' : 'attachEvent',\n            rem = modern ? 'removeEventListener' : 'detachEvent',\n            pre = modern ? '' : 'on',\n            init = function (e) {\n                if (e.type == 'readystatechange') if (doc.readyState != 'complete') return;\n                (e.type == 'load' ? win : doc)[rem](pre + e.type, init, false);\n                if (!done) {\n                    done = true;\n                    fn.call(win, e.type || e);\n                }\n            },\n            poll = function () {\n                try {\n                    root.doScroll('left');\n                } catch (e) {\n                    setTimeout(poll, 50);\n                    return;\n                }\n                init('poll');\n            };\n        if (doc.readyState == 'complete') fn.call(win, 'lazy');\n        else {\n            if (!modern) if (root.doScroll) {\n                try {\n                    top = !win.frameElement;\n                } catch (e) {\n                }\n                if (top) poll();\n            }\n            doc[add](pre + 'DOMContentLoaded', init, false);\n            doc[add](pre + 'readystatechange', init, false);\n            win[add](pre + 'load', init, false);\n        }\n    })(window, function () {\n        window.BooklySearchForm.showForm(\"bookly-search-form-my-form\", \"bookly-search-form-my-form-69f22de97b3be\", {\"main_color\":\"#0d1e3f\",\"service_card_width\":243,\"service_header_height\":151,\"staff_card_width\":260,\"hide_borders\":true,\"show_book_more\":true,\"show_qr_code\":false,\"show_calendar\":true,\"show_services_filter\":true,\"show_staff_filter\":true,\"show_staff_rating\":false,\"show_timezone\":false,\"show_receipt_on_cart\":true,\"show_receipt_on_payment\":true,\"skip_cart_step\":false,\"use_cart_local_storage\":true,\"default_service\":\"1\",\"default_staff\":null,\"service_card_show_badge\":false,\"package_card_show_badge\":true,\"gift_card_show_badge\":true,\"services_fields_order\":[\"service\",\"duration\",\"price\",\"staff\"],\"services_fields_show\":[\"service\",\"duration\"],\"packages_fields_order\":[\"package\",\"service\",\"duration\",\"price\",\"staff\"],\"packages_fields_show\":[\"package\",\"service\",\"duration\",\"price\"],\"gift_cards_fields_order\":[\"title\",\"price\"],\"gift_cards_fields_show\":[\"title\",\"price\"],\"show_first_slot_only\":false,\"show_gift_cards\":true,\"show_add_to_calendar\":true,\"show_slot_info\":false,\"sell_services\":true,\"sell_gift_cards\":false,\"full_name_required\":true,\"first_name_required\":true,\"last_name_required\":true,\"email_required\":true,\"phone_required\":true,\"address_required\":false,\"birthday_required\":false,\"verify_credentials\":false,\"show_summary_service\":true,\"show_summary_staff\":true,\"show_summary_date\":true,\"show_summary_price\":true,\"show_blocked_slots\":false,\"show_change_date\":false,\"initial_view\":\"form\",\"hidden_services\":[],\"hidden_gift_cards\":[],\"details_fields_order\":[\"text\",\"full_name\",\"first_name\",\"last_name\",\"email\",\"phone\",\"address\",\"notes\",\"birthday\",\"terms\",\"custom_fields\",\"google_maps\"],\"details_fields_width\":{\"text\":12,\"full_name\":12,\"first_name\":6,\"last_name\":6,\"email\":6,\"phone\":6,\"google_maps\":12,\"address\":12,\"notes\":12,\"birthday\":12,\"terms\":12,\"custom_fields\":{\"17985\":12,\"24492\":12,\"47366\":12,\"51629\":12,\"59989\":12,\"76731\":12}},\"details_fields_show\":[\"text\",\"first_name\",\"last_name\",\"email\",\"phone\",\"custom_fields\"],\"cards_display_mode\":\"all\",\"available_dates\":\"schedule\",\"show_services_mode\":\"all\",\"address\":{\"order\":[\"country\",\"state\",\"postcode\",\"city\",\"street\",\"street_number\",\"additional_address\"],\"show\":[\"country\",\"state\",\"postcode\",\"city\",\"street\",\"street_number\",\"additional_address\"],\"labels\":{\"country\":\"Pa\\u00eds\",\"state\":\"Estado \\\/ Regi\\u00f3n\",\"postcode\":\"C\\u00f3digo Postal\",\"city\":\"Ciudad\",\"street\":\"Direcci\\u00f3n\",\"street_number\":\"N\\u00famero de la Calle\",\"additional_address\":\"Direcci\\u00f3n adicional\"}},\"l10n\":{\"steps\":{\"calendar\":\"Comenzar\",\"extras\":\"Extras\",\"slots\":\"Hora\",\"cart\":\"Carro\",\"details\":\"Detalles\",\"payment\":\"Pago\",\"done\":\"Terminar\"},\"steps_descriptions\":{\"calendar\":\"Selecciona servicio\",\"extras\":\"A\\u00f1adir extras\",\"slots\":\"Seleccionar franja horaria\",\"cart\":\"Consultar carrito\",\"details\":\"Si informaci\\u00f3n\",\"payment\":\"Hacer una compra\",\"done\":\"Hecho\"},\"address_label\":\"Direcci\\u00f3n\",\"address_placeholders\":{\"country\":\"Pa\\u00eds\",\"state\":\"Estado \\\/ Regi\\u00f3n\",\"postcode\":\"C\\u00f3digo Postal\",\"city\":\"Ciudad\",\"street\":\"Direcci\\u00f3n\",\"street_number\":\"N\\u00famero de la Calle\",\"additional_address\":\"Direcci\\u00f3n adicional\"},\"notes\":\"Notas\",\"birthday\":\"Fecha de nacimiento\",\"staff\":\"Personal\",\"any_staff\":\"Cualquiera\",\"service\":\"Servicio\",\"gift_card\":\"Tarjeta de regalo\",\"gift_card_title\":\"Tarjeta de regalo\",\"date\":\"Fecha\",\"time\":\"Hora\",\"price\":\"Precio\",\"next\":\"Siguiente\",\"back\":\"Anterior\",\"select_service\":\"Selecciona servicio\",\"select_staff\":\"Cualquiera\",\"book_now\":\"Reservar ahora\",\"buy_now\":\"Comprar ahora\",\"book_more\":\"Reservar m\\u00e1s\",\"close\":\"Cerrar\",\"full_name\":\"Nombre completo\",\"full_name_error_required\":\"Requerido\",\"first_name\":\"Nombre\",\"first_name_error_required\":\"Requerido\",\"last_name\":\"Apellidos\",\"last_name_error_required\":\"Requerido\",\"email\":\"Email\",\"email_error_required\":\"Requerido\",\"phone\":\"Tel\\u00e9fono\",\"phone_error_required\":\"Requerido\",\"address_field_required\":\"Requerido\",\"birthday_error_required\":\"Requerido\",\"no_slots\":\"No hay franjas horarias disponibles\",\"slot_not_available\":\"Intervalo ya reservado\",\"no_results\":\"No results found\",\"nop\":\"N\\u00famero de personas\",\"booking_success\":\"Thanks\",\"booking_error\":\"Ups!\",\"booking_completed\":\"Your reservation is complete. If you wish to modify or cancel, please call 860-978-7135.\",\"order_id\":\"N\\u00famero de pedido\",\"gift_card_booking_completed\":\"Su tarjeta de regalo ha sido creada.\",\"processing\":\"Su pago ha sido aceptado para su procesamiento.\",\"group_skip_payment\":\"Se ha omitido el pago.\",\"payment_impossible\":\"No hay m\\u00e9todos de pago disponibles. P\\u00f3ngase en contacto con el proveedor de servicios.\",\"appointments_limit_reached\":\"Est\\u00e1 intentando usar el servicio con demasiada frecuencia. Por favor, cont\\u00e1ctenos para hacer una reserva.\",\"terms_text\":\"Estoy de acuerdo con los t\\u00e9rminos de servicio\",\"text_calendar\":\"Tax preparation\",\"text_extras\":\"Seleccione los extras que le gustar\\u00eda (selecci\\u00f3n m\\u00faltiple)\",\"text_slots\":\"Haga clic en una franja horaria para continuar con la reserva\",\"text_details\":\"Proporcione sus datos en el siguiente formulario para continuar con la reserva\",\"text_payment\":\"Por favor, d\\u00edganos c\\u00f3mo le gustar\\u00eda pagar\",\"gift_card_label\":\"Tarjeta de regalo\",\"gift_card_button\":\"Aplicar\",\"gift_card_text\":\"Su c\\u00f3digo de tarjeta de regalo si tiene uno\",\"gift_card_expired\":\"Esta tarjeta de regalo ha caducado\",\"gift_card_invalid\":\"Esta tarjeta de regalo no se puede utilizar para el pedido actual\",\"gift_card_low_balance\":\"El saldo de la tarjeta de regalo no es suficiente\",\"gift_card_not_found\":\"Tarjeta de regalo no encontrada\",\"timezone\":\"Su zona horaria\",\"select_city\":\"Seleccionar ciudad\",\"add_to_calendar\":\"A\\u00f1adir al calendario\",\"total\":\"Total\",\"sub_total\":\"Subtotal\",\"discount\":\"Descuento\",\"to_pay\":\"Importe a pagar\",\"verify_code\":\"C\\u00f3digo de verificaci\\u00f3n\",\"verify_email\":\"Introduzca el c\\u00f3digo de verificaci\\u00f3n del correo electr\\u00f3nico\",\"verify_phone\":\"Introduzca el c\\u00f3digo de verificaci\\u00f3n del SMS\",\"verify_resend\":\"Reenviar c\\u00f3digo\",\"verify_apply\":\"Aplicar\",\"verify_code_incorrect\":\"C\\u00f3digo de verificaci\\u00f3n incorrecto\",\"cart_item_not_available\":\"La hora seleccionada ya no est\\u00e1 disponible\",\"initial_view_button_title\":\"Vista\",\"payment_system_local\":\"Pagar\\u00e9 localmente\"},\"type\":\"search-form\",\"categories_any\":false,\"services_any\":false,\"staff_any\":false,\"events_any\":false,\"name\":\"My form\",\"custom_css\":\"\",\"token\":\"my-form\"});\n    });\n    var ajaxurl = \"https:\/\/patriciaainzuain.com\/wp-admin\/admin-ajax.php\";\n<\/script>\n<style>\n    .bookly-search-form-my-form-69f22de97b3be {\n        --bookly-color: #0d1e3f;\n    }\n\n    :root {\n        --bookly-flags-url: url(https:\/\/patriciaainzuain.com\/wp-content\/plugins\/bookly-responsive-appointment-booking-tool\/frontend\/resources\/images\/flags.png);\n        --bookly-flags2x-url: url(https:\/\/patriciaainzuain.com\/wp-content\/plugins\/bookly-responsive-appointment-booking-tool\/frontend\/resources\/images\/flags@2x.png);\n        --rtl-phone-align: left;\n    }\n<\/style>\n<div id=\"bookly-search-form-my-form-69f22de97b3be\" class=\"bookly-search-form-container\"><\/div>[\/et_pb_code][\/et_pb_column][\/et_pb_row][\/et_pb_section][et_pb_section fb_built=\u00bb1&#8243; admin_label=\u00bbTestimonials\u00bb _builder_version=\u00bb4.17.6&#8243; _module_preset=\u00bbdefault\u00bb custom_padding=\u00bb9px|||||\u00bb locked=\u00bboff\u00bb collapsed=\u00bbon\u00bb global_colors_info=\u00bb{}\u00bb][et_pb_row _builder_version=\u00bb4.16&#8243; _module_preset=\u00bb5138c454-be54-4233-bd3b-f8e6a8747976&#8243; locked=\u00bboff\u00bb global_colors_info=\u00bb{}\u00bb][et_pb_column type=\u00bb4_4&#8243; _builder_version=\u00bb4.16&#8243; _module_preset=\u00bb73121f80-a3ef-4484-8763-c3f18e3c56d2&#8243; global_colors_info=\u00bb{}\u00bb][et_pb_heading title=\u00bbOpiniones reales de nuestros clientes\u00bb _builder_version=\u00bb4.27.5&#8243; _module_preset=\u00bbc33f07d9-41e0-421a-8799-5799df695cce\u00bb title_level=\u00bbh2&#8243; title_font=\u00bb&#8211;et_global_heading_font|CORMORANT_weight|||||||\u00bb title_text_align=\u00bbcenter\u00bb title_text_color=\u00bb#163365&#8243; title_font_size=\u00bb50px\u00bb title_line_height=\u00bb1.2em\u00bb custom_margin=\u00bb||10px||false|false\u00bb title_font_size_tablet=\u00bb28px\u00bb title_font_size_phone=\u00bb20px\u00bb title_font_size_last_edited=\u00bbon|phone\u00bb global_colors_info=\u00bb{}\u00bb][\/et_pb_heading][et_pb_code _builder_version=\u00bb4.27.5&#8243; _module_preset=\u00bbdefault\u00bb global_colors_info=\u00bb{}\u00bb]<div class=\"rtbr\"><\/div>[\/et_pb_code][\/et_pb_column][\/et_pb_row][\/et_pb_section]<\/p>","protected":false},"excerpt":{"rendered":"<p>IMPORTANTE: Para brindarte una mejor atenci\u00f3n y aprovechar mejor el tiempo de tu cita, te agradeceremos que al programarla incluyas la siguiente informaci\u00f3n. \u2714\ufe0f \u00bfDeclaras impuestos individualmente o como casado(a)? \u2714\ufe0f Si declaras como casados, ind\u00edcanos: Nombre completo de ambos Correo electr\u00f3nico N\u00famero de tel\u00e9fono de contacto \u2714\ufe0f Tipo de ingresos: W-2 1099 \/ independiente [&hellip;]<\/p>","protected":false},"author":1,"featured_media":0,"parent":0,"menu_order":0,"comment_status":"closed","ping_status":"closed","template":"","meta":{"_et_pb_use_builder":"on","_et_pb_old_content":"","_et_gb_content_width":"","footnotes":""},"class_list":["post-1164","page","type-page","status-publish","hentry"],"_links":{"self":[{"href":"https:\/\/patriciaainzuain.com\/en\/wp-json\/wp\/v2\/pages\/1164","targetHints":{"allow":["GET"]}}],"collection":[{"href":"https:\/\/patriciaainzuain.com\/en\/wp-json\/wp\/v2\/pages"}],"about":[{"href":"https:\/\/patriciaainzuain.com\/en\/wp-json\/wp\/v2\/types\/page"}],"author":[{"embeddable":true,"href":"https:\/\/patriciaainzuain.com\/en\/wp-json\/wp\/v2\/users\/1"}],"replies":[{"embeddable":true,"href":"https:\/\/patriciaainzuain.com\/en\/wp-json\/wp\/v2\/comments?post=1164"}],"version-history":[{"count":11,"href":"https:\/\/patriciaainzuain.com\/en\/wp-json\/wp\/v2\/pages\/1164\/revisions"}],"predecessor-version":[{"id":1202,"href":"https:\/\/patriciaainzuain.com\/en\/wp-json\/wp\/v2\/pages\/1164\/revisions\/1202"}],"wp:attachment":[{"href":"https:\/\/patriciaainzuain.com\/en\/wp-json\/wp\/v2\/media?parent=1164"}],"curies":[{"name":"wp","href":"https:\/\/api.w.org\/{rel}","templated":true}]}}