{"id":911,"date":"2026-01-03T19:40:41","date_gmt":"2026-01-04T00:40:41","guid":{"rendered":"https:\/\/patriciaainzuain.com\/?page_id=911"},"modified":"2026-01-04T18:18:44","modified_gmt":"2026-01-04T23:18:44","slug":"contacto","status":"publish","type":"page","link":"https:\/\/patriciaainzuain.com\/en\/contacto\/","title":{"rendered":"Contact"},"content":{"rendered":"<p>[et_pb_section fb_built=\u00bb1&#8243; admin_label=\u00bbHeader\u00bb _builder_version=\u00bb4.27.5&#8243; _module_preset=\u00bbdefault\u00bb use_background_color_gradient=\u00bbon\u00bb background_color_gradient_stops=\u00bbrgba(5,29,102,0.52) 0pt|rgba(22,51,101,0.74) 97pt\u00bb background_color_gradient_unit=\u00bbpt\u00bb background_color_gradient_overlays_image=\u00bbon\u00bb background_image=\u00bbhttps:\/\/patriciaainzuain.com\/wp-content\/uploads\/2025\/12\/ChatGPT-Image-27-dic-2025-19_19_29.png\u00bb parallax=\u00bbon\u00bb custom_padding=\u00bb0vw||0vw||true|false\u00bb bottom_divider_arrangement=\u00bbabove_content\u00bb background_last_edited=\u00bboff|desktop\u00bb background_size_tablet=\u00bbinitial\u00bb background_size_phone=\u00bbinitial\u00bb background_position_phone=\u00bbtop_center\u00bb locked=\u00bboff\u00bb collapsed=\u00bbon\u00bb global_colors_info=\u00bb{}\u00bb][et_pb_row _builder_version=\u00bb4.16.0&#8243; _module_preset=\u00bbdefault\u00bb custom_padding=\u00bb63px|||||\u00bb global_colors_info=\u00bb{}\u00bb][et_pb_column type=\u00bb4_4&#8243; _builder_version=\u00bb4.16.0&#8243; _module_preset=\u00bbdefault\u00bb global_colors_info=\u00bb{}\u00bb][et_pb_heading title=\u00bbCont\u00e1ctanos\u00bb _builder_version=\u00bb4.27.5&#8243; _module_preset=\u00bbdefault\u00bb title_font=\u00bb&#8211;et_global_heading_font|700|||||||\u00bb title_text_align=\u00bbcenter\u00bb title_text_color=\u00bb#ffffff\u00bb title_font_size=\u00bb60px\u00bb custom_margin=\u00bb||96px|||\u00bb custom_padding=\u00bb||0px|||\u00bb text_shadow_style=\u00bbpreset1&#8243; global_colors_info=\u00bb{}\u00bb][\/et_pb_heading][\/et_pb_column][\/et_pb_row][et_pb_row column_structure=\u00bb1_3,1_3,1_3&#8243; _builder_version=\u00bb4.27.5&#8243; _module_preset=\u00bbdefault\u00bb custom_padding=\u00bb0px||0px|||\u00bb global_colors_info=\u00bb{}\u00bb][et_pb_column type=\u00bb1_3&#8243; _builder_version=\u00bb4.27.5&#8243; _module_preset=\u00bbdefault\u00bb global_colors_info=\u00bb{}\u00bb][et_pb_icon font_icon=\u00bb&#xf0e0;||fa||900&#8243; icon_color=\u00bb#ffffff\u00bb icon_width=\u00bb80px\u00bb _builder_version=\u00bb4.27.5&#8243; _module_preset=\u00bbdefault\u00bb custom_margin=\u00bb||1px|||\u00bb animation_style=\u00bbbounce\u00bb global_colors_info=\u00bb{}\u00bb][\/et_pb_icon][et_pb_text _builder_version=\u00bb4.27.5&#8243; _module_preset=\u00bb8348b84d-ae82-4d58-9673-4e1a2b33e35e\u00bb text_font=\u00bb&#8211;et_global_body_font|700|||||||\u00bb text_text_color=\u00bb#ffffff\u00bb text_font_size=\u00bb19px\u00bb text_line_height=\u00bb1.4em\u00bb link_text_color=\u00bb#1D4EFF\u00bb header_font=\u00bb&#8211;et_global_body_font||||||||\u00bb header_text_color=\u00bb#ffffff\u00bb header_3_text_color=\u00bb#FFFFFF\u00bb header_5_text_color=\u00bb#FFFFFF\u00bb text_orientation=\u00bbcenter\u00bb custom_margin=\u00bb-4px||4vw||false|false\u00bb link_option_url=\u00bbmailto:pveroainzuain@gmail.com\u00bb text_font_size_tablet=\u00bb\u00bb text_font_size_phone=\u00bb14px\u00bb text_font_size_last_edited=\u00bbon|phone\u00bb global_colors_info=\u00bb{}\u00bb]<\/p>\n<p><span>pveroainzuain@gmail.com<\/span><\/p>\n<p>[\/et_pb_text][\/et_pb_column][et_pb_column type=\u00bb1_3&#8243; _builder_version=\u00bb4.27.5&#8243; _module_preset=\u00bbdefault\u00bb global_colors_info=\u00bb{}\u00bb][et_pb_icon font_icon=\u00bb&#xf3c5;||fa||900&#8243; icon_color=\u00bb#ffffff\u00bb icon_width=\u00bb80px\u00bb _builder_version=\u00bb4.27.5&#8243; _module_preset=\u00bbdefault\u00bb custom_margin=\u00bb||27px|||\u00bb animation_style=\u00bbbounce\u00bb global_colors_info=\u00bb{}\u00bb][\/et_pb_icon][et_pb_text _builder_version=\u00bb4.27.5&#8243; _module_preset=\u00bb8348b84d-ae82-4d58-9673-4e1a2b33e35e\u00bb text_font=\u00bb&#8211;et_global_body_font|700|||||||\u00bb text_text_color=\u00bb#ffffff\u00bb text_font_size=\u00bb19px\u00bb text_line_height=\u00bb1.4em\u00bb link_text_color=\u00bb#1D4EFF\u00bb header_font=\u00bb&#8211;et_global_body_font||||||||\u00bb header_font_size=\u00bb20px\u00bb header_3_text_color=\u00bb#FFFFFF\u00bb header_5_text_color=\u00bb#FFFFFF\u00bb text_orientation=\u00bbcenter\u00bb custom_margin=\u00bb12px||3vw||false|false\u00bb text_font_size_tablet=\u00bb\u00bb text_font_size_phone=\u00bb14px\u00bb text_font_size_last_edited=\u00bbon|phone\u00bb locked=\u00bboff\u00bb global_colors_info=\u00bb{}\u00bb]<\/p>\n<div class=\"x9f619 x1n2onr6 x1ja2u2z x78zum5 xdt5ytf x2lah0s x193iq5w xeuugli x1icxu4v x25sj25 x10b6aqq x1yrsyyn\">530 Silas Deane Hwy Ste 213, Wethersfield, CT.<\/div>\n<p>[\/et_pb_text][\/et_pb_column][et_pb_column type=\u00bb1_3&#8243; _builder_version=\u00bb4.27.5&#8243; _module_preset=\u00bbdefault\u00bb global_colors_info=\u00bb{}\u00bb][et_pb_icon font_icon=\u00bb&#xf87b;||fa||900&#8243; icon_color=\u00bb#ffffff\u00bb icon_width=\u00bb80px\u00bb _builder_version=\u00bb4.27.5&#8243; _module_preset=\u00bbdefault\u00bb custom_margin=\u00bb||1px|||\u00bb custom_padding=\u00bb||17px|||\u00bb animation_style=\u00bbbounce\u00bb global_colors_info=\u00bb{}\u00bb][\/et_pb_icon][et_pb_text _builder_version=\u00bb4.27.5&#8243; _module_preset=\u00bb8348b84d-ae82-4d58-9673-4e1a2b33e35e\u00bb text_font=\u00bb&#8211;et_global_body_font|700|||||||\u00bb text_text_color=\u00bb#ffffff\u00bb text_font_size=\u00bb20px\u00bb text_line_height=\u00bb1.4em\u00bb link_text_color=\u00bb#1D4EFF\u00bb header_3_text_color=\u00bb#FFFFFF\u00bb header_5_text_color=\u00bb#FFFFFF\u00bb text_orientation=\u00bbcenter\u00bb custom_margin=\u00bb||2vw||false|false\u00bb custom_padding=\u00bb||13px|||\u00bb link_option_url=\u00bbtel:+1860-978-7135&#8243; text_font_size_tablet=\u00bb\u00bb text_font_size_phone=\u00bb14px\u00bb text_font_size_last_edited=\u00bbon|phone\u00bb locked=\u00bboff\u00bb global_colors_info=\u00bb{}\u00bb]<\/p>\n<p><span>(860) 978-7135<\/span><\/p>\n<p>[\/et_pb_text][\/et_pb_column][\/et_pb_row][\/et_pb_section][et_pb_section fb_built=\u00bb1&#8243; admin_label=\u00bbContact Form\u00bb _builder_version=\u00bb4.27.5&#8243; _module_preset=\u00bbdefault\u00bb background_image=\u00bbhttps:\/\/patriciaainzuain.com\/wp-content\/uploads\/2025\/12\/Yellow-and-White-Modern-Business-Email-Signature-1.png\u00bb custom_margin=\u00bb-1px|||||\u00bb custom_padding=\u00bb||4px|||\u00bb collapsed=\u00bbon\u00bb global_colors_info=\u00bb{}\u00bb][et_pb_row _builder_version=\u00bb4.16.0&#8243; _module_preset=\u00bbdefault\u00bb custom_padding=\u00bb||0px||false|false\u00bb global_colors_info=\u00bb{}\u00bb][et_pb_column type=\u00bb4_4&#8243; _builder_version=\u00bb4.16.0&#8243; _module_preset=\u00bbdefault\u00bb global_colors_info=\u00bb{}\u00bb][et_pb_text _builder_version=\u00bb4.27.5&#8243; _module_preset=\u00bb44e52539-cead-43e5-bd57-eb8d3d608b93&#8243; text_font=\u00bb&#8211;et_global_body_font||||||||\u00bb header_text_color=\u00bb#163365&#8243; header_font_size=\u00bb22px\u00bb header_2_font=\u00bb&#8211;et_global_heading_font|700|||||||\u00bb header_2_text_align=\u00bbcenter\u00bb header_2_text_color=\u00bb#163365&#8243; header_2_font_size=\u00bb45px\u00bb header_2_line_height=\u00bb120%\u00bb header_2_font_size_tablet=\u00bb30px\u00bb header_2_font_size_phone=\u00bb20px\u00bb header_2_font_size_last_edited=\u00bbon|tablet\u00bb global_colors_info=\u00bb{}\u00bb]<\/p>\n<h2 class=\"et_pb_contact_main_title et-fb-editable-element et-fb-editable-element__editing\" data-shortcode-id=\"4.0.0.0-1767474755189\" data-quickaccess-id=\"title\" contenteditable=\"true\">Contact Form<\/h2>\n<p>[\/et_pb_text][\/et_pb_column][\/et_pb_row][et_pb_row column_structure=\u00bb1_2,1_2&#8243; _builder_version=\u00bb4.16.0&#8243; _module_preset=\u00bbdefault\u00bb custom_padding=\u00bb||22px|||\u00bb global_colors_info=\u00bb{}\u00bb][et_pb_column type=\u00bb1_2&#8243; _builder_version=\u00bb4.16.0&#8243; _module_preset=\u00bbdefault\u00bb custom_padding=\u00bb||5vw||false|false\u00bb global_colors_info=\u00bb{}\u00bb][et_pb_contact_form captcha=\u00bboff\u00bb email=\u00bbpveroainzuain@gmail.com\u00bb custom_message=\u00bbHas recibido una nueva solicitud desde tu sitio web.||et_pb_line_break_holder||||et_pb_line_break_holder||Nombre: %%name%%||et_pb_line_break_holder||Correo electr\u00f3nico: %%email%%||et_pb_line_break_holder||Tel\u00e9fono: %%phone%%||et_pb_line_break_holder||Mensaje:||et_pb_line_break_holder||%%message%%||et_pb_line_break_holder||||et_pb_line_break_holder||\u2014||et_pb_line_break_holder||Este mensaje fue enviado desde el formulario de contacto de tu sitio web.||et_pb_line_break_holder||\u00bb success_message=\u00bbThanks for your message. A member of our team will contact you soon.\u00bb _builder_version=\u00bb4.27.5&#8243; _module_preset=\u00bbdefault\u00bb _unique_id=\u00bbf2f98ec3-a1fb-4b9b-aed8-c0c33a8a709a\u00bb form_field_background_color=\u00bb#ffffff\u00bb form_field_text_color=\u00bb#163365&#8243; form_field_focus_background_color=\u00bb#163365&#8243; title_level=\u00bbh3&#8243; title_font=\u00bb&#8211;et_global_body_font|600|||||||\u00bb title_text_align=\u00bbcenter\u00bb title_text_color=\u00bb#163365&#8243; title_font_size=\u00bb28px\u00bb captcha_font=\u00bb&#8211;et_global_body_font|600|||||||\u00bb captcha_text_color=\u00bb#163365&#8243; form_field_font=\u00bb&#8211;et_global_body_font|600|||||||\u00bb form_field_font_size=\u00bb14px\u00bb custom_button=\u00bbon\u00bb button_text_size=\u00bb18px\u00bb button_text_color=\u00bb#ffffff\u00bb button_bg_color=\u00bb#1b3644&#8243; button_border_width=\u00bb0px\u00bb button_border_radius=\u00bb100px\u00bb button_font=\u00bb&#8211;et_global_body_font|600|||||||\u00bb button_use_icon=\u00bboff\u00bb button_custom_padding=\u00bb10px|30px|10px|30px|true|true\u00bb text_orientation=\u00bbleft\u00bb border_radii=\u00bbon|20px|20px|20px|20px\u00bb border_width_all=\u00bb2px\u00bb border_color_all=\u00bb#163365&#8243; global_colors_info=\u00bb{}\u00bb][et_pb_contact_field field_id=\u00bbName:\u00bb field_title=\u00bbName:\u00bb fullwidth_field=\u00bbon\u00bb _builder_version=\u00bb4.27.5&#8243; _module_preset=\u00bbdefault\u00bb global_colors_info=\u00bb{}\u00bb][\/et_pb_contact_field][et_pb_contact_field field_id=\u00bbPhone:\u00bb field_title=\u00bbPhone:\u00bb _builder_version=\u00bb4.27.5&#8243; _module_preset=\u00bbdefault\u00bb global_colors_info=\u00bb{}\u00bb button_text_size__hover_enabled=\u00bboff\u00bb button_one_text_size__hover_enabled=\u00bboff\u00bb button_two_text_size__hover_enabled=\u00bboff\u00bb button_text_color__hover_enabled=\u00bboff\u00bb button_one_text_color__hover_enabled=\u00bboff\u00bb button_two_text_color__hover_enabled=\u00bboff\u00bb button_border_width__hover_enabled=\u00bboff\u00bb button_one_border_width__hover_enabled=\u00bboff\u00bb button_two_border_width__hover_enabled=\u00bboff\u00bb button_border_color__hover_enabled=\u00bboff\u00bb button_one_border_color__hover_enabled=\u00bboff\u00bb button_two_border_color__hover_enabled=\u00bboff\u00bb button_border_radius__hover_enabled=\u00bboff\u00bb button_one_border_radius__hover_enabled=\u00bboff\u00bb button_two_border_radius__hover_enabled=\u00bboff\u00bb button_letter_spacing__hover_enabled=\u00bboff\u00bb button_one_letter_spacing__hover_enabled=\u00bboff\u00bb button_two_letter_spacing__hover_enabled=\u00bboff\u00bb button_bg_color__hover_enabled=\u00bboff\u00bb button_one_bg_color__hover_enabled=\u00bboff\u00bb button_two_bg_color__hover_enabled=\u00bboff\u00bb][\/et_pb_contact_field][et_pb_contact_field field_id=\u00bbEmail\u00bb field_title=\u00bbEmail Address:\u00bb field_type=\u00bbemail\u00bb _builder_version=\u00bb4.27.5&#8243; _module_preset=\u00bbdefault\u00bb global_colors_info=\u00bb{}\u00bb button_text_size__hover_enabled=\u00bboff\u00bb button_one_text_size__hover_enabled=\u00bboff\u00bb button_two_text_size__hover_enabled=\u00bboff\u00bb button_text_color__hover_enabled=\u00bboff\u00bb button_one_text_color__hover_enabled=\u00bboff\u00bb button_two_text_color__hover_enabled=\u00bboff\u00bb button_border_width__hover_enabled=\u00bboff\u00bb button_one_border_width__hover_enabled=\u00bboff\u00bb button_two_border_width__hover_enabled=\u00bboff\u00bb button_border_color__hover_enabled=\u00bboff\u00bb button_one_border_color__hover_enabled=\u00bboff\u00bb button_two_border_color__hover_enabled=\u00bboff\u00bb button_border_radius__hover_enabled=\u00bboff\u00bb button_one_border_radius__hover_enabled=\u00bboff\u00bb button_two_border_radius__hover_enabled=\u00bboff\u00bb button_letter_spacing__hover_enabled=\u00bboff\u00bb button_one_letter_spacing__hover_enabled=\u00bboff\u00bb button_two_letter_spacing__hover_enabled=\u00bboff\u00bb button_bg_color__hover_enabled=\u00bboff\u00bb button_one_bg_color__hover_enabled=\u00bboff\u00bb button_two_bg_color__hover_enabled=\u00bboff\u00bb][\/et_pb_contact_field][et_pb_contact_field field_id=\u00bbMessage\u00bb field_title=\u00bbMessage:\u00bb field_type=\u00bbtext\u00bb fullwidth_field=\u00bbon\u00bb _builder_version=\u00bb4.27.5&#8243; _module_preset=\u00bbdefault\u00bb global_colors_info=\u00bb{}\u00bb button_text_size__hover_enabled=\u00bboff\u00bb button_one_text_size__hover_enabled=\u00bboff\u00bb button_two_text_size__hover_enabled=\u00bboff\u00bb button_text_color__hover_enabled=\u00bboff\u00bb button_one_text_color__hover_enabled=\u00bboff\u00bb button_two_text_color__hover_enabled=\u00bboff\u00bb button_border_width__hover_enabled=\u00bboff\u00bb button_one_border_width__hover_enabled=\u00bboff\u00bb button_two_border_width__hover_enabled=\u00bboff\u00bb button_border_color__hover_enabled=\u00bboff\u00bb button_one_border_color__hover_enabled=\u00bboff\u00bb button_two_border_color__hover_enabled=\u00bboff\u00bb button_border_radius__hover_enabled=\u00bboff\u00bb button_one_border_radius__hover_enabled=\u00bboff\u00bb button_two_border_radius__hover_enabled=\u00bboff\u00bb button_letter_spacing__hover_enabled=\u00bboff\u00bb button_one_letter_spacing__hover_enabled=\u00bboff\u00bb button_two_letter_spacing__hover_enabled=\u00bboff\u00bb button_bg_color__hover_enabled=\u00bboff\u00bb button_one_bg_color__hover_enabled=\u00bboff\u00bb button_two_bg_color__hover_enabled=\u00bboff\u00bb][\/et_pb_contact_field][\/et_pb_contact_form][\/et_pb_column][et_pb_column type=\u00bb1_2&#8243; _builder_version=\u00bb4.16.0&#8243; _module_preset=\u00bbdefault\u00bb global_colors_info=\u00bb{}\u00bb][et_pb_heading title=\u00bb\u00a1Obtenga una consulta gratuita!\u00bb _builder_version=\u00bb4.27.5&#8243; _module_preset=\u00bbdefault\u00bb custom_margin=\u00bb||9px|||\u00bb hover_enabled=\u00bb0&#8243; global_colors_info=\u00bb{}\u00bb title_level=\u00bbh2&#8243; title_font_last_edited=\u00bbon|desktop\u00bb title_text_align_last_edited=\u00bbon|desktop\u00bb title_text_align=\u00bbcenter\u00bb sticky_enabled=\u00bb0&#8243; title_text_align_tablet=\u00bbcenter\u00bb title_text_align_phone=\u00bbcenter\u00bb][\/et_pb_heading][et_pb_text _builder_version=\u00bb4.27.5&#8243; _module_preset=\u00bbdefault\u00bb hover_enabled=\u00bb0&#8243; global_colors_info=\u00bb{}\u00bb sticky_enabled=\u00bb0&#8243;]<\/p>\n<p style=\"text-align: justify;\"><span>Complete our quick form or call us to discuss your tax needs with one of our experts. We will review your situation and schedule a free consultation to help you find the best tax solutions for your personal or business needs.<\/span><\/p>\n<p>[\/et_pb_text][et_pb_button button_url=\u00bbtel:+1860-978-7135&#8243; button_text=\u00bbLlamar al (860) 978 7135&#8243; button_alignment=\u00bbcenter\u00bb _builder_version=\u00bb4.27.5&#8243; _module_preset=\u00bbdefault\u00bb custom_button=\u00bbon\u00bb button_text_size=\u00bb16px\u00bb button_bg_color=\u00bb#163365&#8243; button_border_radius=\u00bb85px\u00bb button_font=\u00bb&#8211;et_global_body_font|600|||||||\u00bb background_layout=\u00bbdark\u00bb global_colors_info=\u00bb{}\u00bb min_height=\u00bb43px\u00bb][\/et_pb_button][\/et_pb_column][\/et_pb_row][\/et_pb_section]<\/p>","protected":false},"excerpt":{"rendered":"<p>pveroainzuain@gmail.com530 Silas Deane Hwy Ste 213, Wethersfield, CT.(860) 978-7135Formulario de contactoComplete nuestro formulario r\u00e1pido o ll\u00e1menos para hablar sobre sus necesidades fiscales con uno de nuestros expertos. Revisaremos su situaci\u00f3n y programaremos una consulta gratuita para ayudarle a encontrar las mejores soluciones fiscales para sus necesidades personales o empresariales.<\/p>","protected":false},"author":1,"featured_media":0,"parent":0,"menu_order":0,"comment_status":"closed","ping_status":"closed","template":"","meta":{"_et_pb_use_builder":"on","_et_pb_old_content":"","_et_gb_content_width":"","footnotes":""},"class_list":["post-911","page","type-page","status-publish","hentry"],"_links":{"self":[{"href":"https:\/\/patriciaainzuain.com\/en\/wp-json\/wp\/v2\/pages\/911","targetHints":{"allow":["GET"]}}],"collection":[{"href":"https:\/\/patriciaainzuain.com\/en\/wp-json\/wp\/v2\/pages"}],"about":[{"href":"https:\/\/patriciaainzuain.com\/en\/wp-json\/wp\/v2\/types\/page"}],"author":[{"embeddable":true,"href":"https:\/\/patriciaainzuain.com\/en\/wp-json\/wp\/v2\/users\/1"}],"replies":[{"embeddable":true,"href":"https:\/\/patriciaainzuain.com\/en\/wp-json\/wp\/v2\/comments?post=911"}],"version-history":[{"count":25,"href":"https:\/\/patriciaainzuain.com\/en\/wp-json\/wp\/v2\/pages\/911\/revisions"}],"predecessor-version":[{"id":1075,"href":"https:\/\/patriciaainzuain.com\/en\/wp-json\/wp\/v2\/pages\/911\/revisions\/1075"}],"wp:attachment":[{"href":"https:\/\/patriciaainzuain.com\/en\/wp-json\/wp\/v2\/media?parent=911"}],"curies":[{"name":"wp","href":"https:\/\/api.w.org\/{rel}","templated":true}]}}